{"id":850,"date":"2025-09-10T09:49:43","date_gmt":"2025-09-10T09:49:43","guid":{"rendered":"http:\/\/savjoplastic.se.loopiadns.com\/?page_id=850"},"modified":"2025-09-12T09:30:02","modified_gmt":"2025-09-12T09:30:02","slug":"mega-cans","status":"publish","type":"page","link":"https:\/\/www.savjoplastic.se\/en\/mega-cans\/","title":{"rendered":"Mega Cans"},"content":{"rendered":"<h1>S\u00e4vjo Mega Can<\/h1>\n<hr>\n<h2>MAKE A BIG IMPRESSION<\/h2>\n<div>\n<p>With boasting space for 400 pouches, this oversized can is sure to turn heads. A must-have item that commands attention, especially at events like trade shows. Plus, it features a slot for attaching a regular-sized refill can at the bottom.<\/p>\n<\/div>\n<p><img decoding=\"async\" src=\"\/wp-content\/uploads\/2025\/09\/Savjo-Mega-Can-Snus-can-Nicotine-pouch-container.jpg\" alt=\"\"><\/p>\n<div>\n<div>\n<p>Our designs are<strong> design-protected<\/strong> and many features are <strong>patented<\/strong>. <a href=\"https:\/\/www.savjoplastic.se.loopiadns.com\/patentlista\/\">See full list here.<\/a><\/p>\n<\/div>\n<\/div>\n<h4>Tecnical data:<\/h4>\n<div>\n<p>LID PACKAGING 672 lids\/pallet<br \/>BOTTOM PACKAGING 336 bottoms\/pallet<br \/>AVAILABLE COLORS Black, white, green, transparent<br \/>(Other colors on request)<\/p>\n<\/div>\n<p><img decoding=\"async\" src=\"\/wp-content\/uploads\/2025\/09\/Color-wheel.png\" alt=\"\"><\/p>\n<div>\n<p>F\u00e4rg: Vit, svart, gr\u00f6n och transparent \u00e4r v\u00e5ra standardf\u00e4rger. Produkten kan \u00e4ven best\u00e4llas i valfri f\u00e4rg som matchar varum\u00e4rket. *\u00a0<\/p>\n<\/div>\n<p><img decoding=\"async\" src=\"\/wp-content\/uploads\/2025\/09\/Savjo-Design-Collection-nicotine-pouch-containers.jpg\" alt=\"\"><\/p>\n<div>\n<p><strong>S\u00c4VJO DESIGN COLLECTION<\/strong> is our popular range of cans for snus and nicotine pouches \u2013 designed to feel comfortable in the hand and appeal to a wide audience. Here you get the freedom to choose a can and combine it with the lid that best fits your brand and design.<\/p>\n<\/p>\n<\/div>\n<div>S\u00e4vjo &#8211; en ledande leverant\u00f6r av dosor f\u00f6r snus- och nikotinp\u00e5sar<\/div>\n<div>\n<p><span>Vi erbjuder ett brett sortiment av snusdosor, designade med b\u00e5de funktion och estetik i fokus. H\u00e4r hittar du allt fr\u00e5n klassiska standarddosor till innovativa l\u00f6sningar f\u00f6r moderna anv\u00e4ndare. Vi levererar p\u00e5litligt, med kvalitet i v\u00e4rldsklass \u2013 uppskattad av branschens ledande akt\u00f6rer.<\/span><\/p>\n<p><span>Vit, svart, gr\u00f6n och transparent \u00e4r v\u00e5ra standardf\u00e4rger. Produkten kan \u00e4ven best\u00e4llas i valfri f\u00e4rg som matchar varum\u00e4rket.<\/span><\/p>\n<\/div>\n<p><!--more--><br \/>\n<!-- {\"type\":\"layout\",\"children\":[{\"type\":\"section\",\"children\":[{\"type\":\"row\",\"children\":[{\"type\":\"column\",\"props\":{\"image_position\":\"center-center\",\"position_sticky_breakpoint\":\"m\",\"width_medium\":\"3-4\"},\"children\":[{\"type\":\"headline\",\"props\":{\"content\":\"S\\u00e4vjo Mega Can\",\"title_element\":\"h1\",\"title_style\":\"h2\"}},{\"type\":\"divider\",\"props\":{\"divider_element\":\"hr\"}},{\"type\":\"headline\",\"props\":{\"content\":\"MAKE A BIG IMPRESSION\",\"margin_remove_top\":true,\"title_color\":\"danger\",\"title_element\":\"h2\",\"title_style\":\"h3\"}},{\"type\":\"text\",\"props\":{\"column_breakpoint\":\"m\",\"content\":\"\n\n<p>With boasting space for 400 pouches, this oversized can is sure to turn heads. A must-have item that commands attention, especially at events like trade shows. Plus, it features a slot for attaching a regular-sized refill can at the bottom.<\\\/p>\",\"margin\":\"default\",\"margin_remove_top\":true}},{\"type\":\"image\",\"props\":{\"image\":\"wp-content\\\/uploads\\\/2025\\\/09\\\/Savjo-Mega-Can-Snus-can-Nicotine-pouch-container.jpg\",\"image_svg_color\":\"emphasis\",\"margin\":\"default\"}},{\"type\":\"panel\",\"props\":{\"content\":\"\n\n<p>Our designs are<strong> design-protected<\\\/strong> and many features are <strong>patented<\\\/strong>. <a href=\\\"http:\\\/\\\/savjoplastic.se.loopiadns.com\\\/patentlista\\\/\\\">See full list here.<\\\/a><\\\/p>\",\"content_column_breakpoint\":\"m\",\"icon\":\"warning\",\"icon_width\":\"20\",\"image_align\":\"left\",\"image_grid_breakpoint\":\"m\",\"image_grid_column_gap\":\"medium\",\"image_grid_width\":\"auto\",\"image_svg_color\":\"emphasis\",\"link_style\":\"default\",\"link_text\":\"Read more\",\"margin\":\"medium\",\"margin_remove_top\":true,\"meta_align\":\"below-title\",\"meta_element\":\"div\",\"meta_style\":\"text-meta\",\"panel_padding\":\"small\",\"panel_style\":\"tile-muted\",\"title_align\":\"top\",\"title_element\":\"h3\",\"title_grid_breakpoint\":\"m\",\"title_grid_width\":\"1-2\",\"title_hover_style\":\"reset\"}},{\"type\":\"headline\",\"props\":{\"content\":\"Tecnical data:\",\"title_decoration\":\"bullet\",\"title_element\":\"h4\",\"title_style\":\"h4\"}},{\"type\":\"text\",\"props\":{\"column_breakpoint\":\"m\",\"content\":\"\n\n<p>LID PACKAGING 672 lids\\\/pallet<br \\\/>BOTTOM PACKAGING 336 bottoms\\\/pallet<br \\\/>AVAILABLE COLORS Black, white, green, transparent<br \\\/>(Other colors on request)<\\\/p>\",\"margin\":\"default\"}},{\"type\":\"fragment\",\"props\":{\"margin\":\"default\"},\"children\":[{\"type\":\"row\",\"props\":{\"column_gap\":\"medium\",\"layout\":\"1-6,5-6|1-5,4-5\"},\"children\":[{\"type\":\"column\",\"props\":{\"image_position\":\"center-center\",\"position_sticky_breakpoint\":\"m\",\"width_medium\":\"1-6\",\"width_small\":\"1-5\"},\"children\":[{\"type\":\"image\",\"props\":{\"image\":\"wp-content\\\/uploads\\\/2025\\\/09\\\/Color-wheel.png\",\"image_svg_color\":\"emphasis\",\"margin\":\"default\"}}]},{\"type\":\"column\",\"props\":{\"image_position\":\"center-center\",\"position_sticky_breakpoint\":\"m\",\"width_medium\":\"5-6\",\"width_small\":\"4-5\"},\"children\":[{\"type\":\"text\",\"props\":{\"column_breakpoint\":\"m\",\"content\":\"\n\n<p>F\\u00e4rg: Vit, svart, gr\\u00f6n och transparent \\u00e4r v\\u00e5ra standardf\\u00e4rger. Produkten kan \\u00e4ven best\\u00e4llas i valfri f\\u00e4rg som matchar varum\\u00e4rket. *\\u00a0<\\\/p>\",\"content_en_us\":\"\n\n<p><strong>Your brand, your color:<\\\/strong><span> Standard colors are white, black, green, and transparent. The product can also be ordered in any custom color according to your brand identity.<br \\\/>*Minimum order volumes apply.<br \\\/><\\\/span><\\\/p>\",\"margin\":\"default\"}}]}]}]}]},{\"type\":\"column\",\"props\":{\"image_position\":\"center-center\",\"position_sticky_breakpoint\":\"m\",\"width_medium\":\"1-4\"},\"children\":[{\"type\":\"image\",\"props\":{\"image\":\"wp-content\\\/uploads\\\/2025\\\/09\\\/Savjo-Design-Collection-nicotine-pouch-containers.jpg\",\"image_svg_color\":\"emphasis\",\"margin\":\"default\"}},{\"type\":\"text\",\"props\":{\"column_breakpoint\":\"m\",\"content\":\"\n\n<p><strong>S\\u00c4VJO DESIGN COLLECTION<\\\/strong> is our popular range of cans for snus and nicotine pouches \\u2013 designed to feel comfortable in the hand and appeal to a wide audience. Here you get the freedom to choose a can and combine it with the lid that best fits your brand and design.<\\\/p>\\n\n\n<p><\\\/p>\",\"margin\":\"default\"}},{\"type\":\"headline\",\"props\":{\"content\":\"S\\u00e4vjo - en ledande leverant\\u00f6r av dosor f\\u00f6r snus- och nikotinp\\u00e5sar\",\"content_en_us\":\"S\\u00c4VJO - Your no 1 can supplier for the snus and nicotine pouch industry\",\"id\":\"starters\",\"margin\":\"medium\",\"title_element\":\"div\",\"title_style\":\"h3\"}},{\"type\":\"text\",\"props\":{\"column_breakpoint\":\"m\",\"content\":\"\n\n<p><span>Vi erbjuder ett brett sortiment av snusdosor, designade med b\\u00e5de funktion och estetik i fokus. H\\u00e4r hittar du allt fr\\u00e5n klassiska standarddosor till innovativa l\\u00f6sningar f\\u00f6r moderna anv\\u00e4ndare. Vi levererar p\\u00e5litligt, med kvalitet i v\\u00e4rldsklass \\u2013 uppskattad av branschens ledande akt\\u00f6rer.<\\\/span><\\\/p>\\n\n\n<p><span>Vit, svart, gr\\u00f6n och transparent \\u00e4r v\\u00e5ra standardf\\u00e4rger. Produkten kan \\u00e4ven best\\u00e4llas i valfri f\\u00e4rg som matchar varum\\u00e4rket.<\\\/span><\\\/p>\",\"content_en_us\":\"\n\n<p>We offer a wide range of cans for snus and nicotine pouches, designed with both function and aesthetics in mind. Here you\\u2019ll find everything from classic standard cans to innovative solutions for modern users.<\\\/p>\\n\n\n<p><strong>Standard colors:<\\\/strong> White, black, green, and transparent. The product can also be ordered in any custom color according to the customer\\u2019s preference.<\\\/p>\",\"margin\":\"default\"}}]}],\"props\":{\"column_gap\":\"large\",\"layout\":\"3-4,1-4\",\"margin\":\"xlarge\"}}],\"props\":{\"image_position\":\"center-center\",\"style\":\"default\",\"title_breakpoint\":\"xl\",\"title_position\":\"top-left\",\"title_rotation\":\"left\",\"vertical_align\":\"middle\",\"width\":\"default\"}}],\"version\":\"4.5.27\"} --><\/p>\n","protected":false},"excerpt":{"rendered":"<p>S\u00e4vjo Mega Can MAKE A BIG IMPRESSION With boasting space for 400 pouches, this oversized can is sure to turn heads. A must-have item that commands attention, especially at events like trade shows. Plus, it features a slot for attaching a regular-sized refill can at the bottom. Our designs are design-protected and many features are [&hellip;]<\/p>\n","protected":false},"author":1,"featured_media":0,"parent":0,"menu_order":0,"comment_status":"closed","ping_status":"closed","template":"","meta":{"_acf_changed":false,"footnotes":""},"class_list":["post-850","page","type-page","status-publish","hentry"],"acf":[],"_links":{"self":[{"href":"https:\/\/www.savjoplastic.se\/en\/wp-json\/wp\/v2\/pages\/850","targetHints":{"allow":["GET"]}}],"collection":[{"href":"https:\/\/www.savjoplastic.se\/en\/wp-json\/wp\/v2\/pages"}],"about":[{"href":"https:\/\/www.savjoplastic.se\/en\/wp-json\/wp\/v2\/types\/page"}],"author":[{"embeddable":true,"href":"https:\/\/www.savjoplastic.se\/en\/wp-json\/wp\/v2\/users\/1"}],"replies":[{"embeddable":true,"href":"https:\/\/www.savjoplastic.se\/en\/wp-json\/wp\/v2\/comments?post=850"}],"version-history":[{"count":6,"href":"https:\/\/www.savjoplastic.se\/en\/wp-json\/wp\/v2\/pages\/850\/revisions"}],"predecessor-version":[{"id":1007,"href":"https:\/\/www.savjoplastic.se\/en\/wp-json\/wp\/v2\/pages\/850\/revisions\/1007"}],"wp:attachment":[{"href":"https:\/\/www.savjoplastic.se\/en\/wp-json\/wp\/v2\/media?parent=850"}],"curies":[{"name":"wp","href":"https:\/\/api.w.org\/{rel}","templated":true}]}}