{"id":75,"date":"2024-03-16T10:44:23","date_gmt":"2024-03-16T10:44:23","guid":{"rendered":"http:\/\/savjoplastic.se.loopiadns.com\/?page_id=75"},"modified":"2025-09-25T08:02:56","modified_gmt":"2025-09-25T08:02:56","slug":"tjanster","status":"publish","type":"page","link":"https:\/\/www.savjoplastic.se\/en\/services\/","title":{"rendered":"Services"},"content":{"rendered":"<h1>Fr\u00e5n snusdosor till specialf\u00f6rpackningar<\/h1>\n<h2>\u2013 designade f\u00f6r effektiv produktion och starkt varum\u00e4rke<\/h2>\n<p><p>\n        <a href=\"\/kontakta-oss\/\">Kontakta oss<\/a>\n    <\/p>\n<\/p>\n<div>V\u00e5ra snusdosor<\/div>\n<div>\n<h2>Snusdosor optimerade f\u00f6r fyllningslinjer<\/h2>\n<div>\n<p>Vi \u00e4r specialiserade p\u00e5 formsprutning av snusdosor i milj\u00f6certifierad plast. V\u00e5ra snusdosor \u00e4r produktionsv\u00e4nliga och optimerade f\u00f6r fyllningslinjer. En snusdosa med h\u00f6g kvalitet tillverkad med precision \u00e4r nyckeln f\u00f6r att undvika produktionsstopp och ist\u00e4llet kunna \u00f6ka hastigheten p\u00e5 linjen.<\/p>\n<p>V\u00e5r S\u00e4vjo design collection m\u00f6ter de allra h\u00f6gsta kraven och ger maximal kapacitet i produktionen. D\u00e4rf\u00f6r v\u00e4ljer ledande varum\u00e4rken v\u00e4rlden \u00f6ver S\u00e4vjos dosor \u2013 popul\u00e4ra och efterfr\u00e5gade p\u00e5 marknader i hela Europa och USA.<\/p>\n<p>Med ett brett utbud av designer och o\u00e4ndliga f\u00e4rgvariationer kan vi skapa en dosa som speglar just ditt varum\u00e4rke<\/p>\n<\/div>\n<\/div>\n<p><p>\n        <a href=\"\/snusdosor\/\">L\u00e4s mer <\/a>\n    <\/p>\n<\/p>\n<p><img decoding=\"async\" src=\"\/wp-content\/uploads\/2024\/10\/savjoplastic-dosor-cans-web.jpg\" alt=\"\"><\/p>\n<div>Innovation<\/div>\n<p><img decoding=\"async\" src=\"\/wp-content\/uploads\/2024\/10\/savjoplastic-dosor-cans-web-innovation.jpg\" alt=\"\"><\/p>\n<div>\n<h2> Snusdosor med unik egen design<\/h2>\n<div>\n<p>En dosa best\u00e5r av tre komponenter \u2013 underdel, ytterlock och innerlock \u2013 som alla g\u00e5r att utforma p\u00e5 olika s\u00e4tt. Vi kan hj\u00e4lper g\u00e4rna till i produktutvecklingen av en helt unik egen dosa.<\/p>\n<p>F\u00f6r dig som vill ha n\u00e5got helt unikt st\u00e5r v\u00e5rt dedikerade R&#038;D-team redo att utveckla skr\u00e4ddarsydda l\u00f6sningar som \u00e4r anpassade efter dina behov. M\u00f6jligheterna \u00e4r i princip obegr\u00e4nsade.<\/p>\n<p>Med ett brett utbud av designer och o\u00e4ndliga f\u00e4rgvariationer f\u00e5r du full frihet att skapa en dosa som speglar ditt varum\u00e4rke p\u00e5 b\u00e4sta s\u00e4tt.<\/p>\n<\/div>\n<\/div>\n<p><p>\n        <a href=\"\/kontakta-oss\/\">Kontakta oss<\/a>\n    <\/p>\n<\/p>\n<div>\n<h2>V\u00e5ra kunder verkar inom omr\u00e5dena:<\/h2>\n<div>\n<ul>\n<li>Snusdosor<\/li>\n<li>Nikotinportionsf\u00f6rpackning<\/li>\n<li>Livsmedelsf\u00f6rpackning<\/li>\n<\/ul>\n<\/div>\n<\/div>\n<p><img decoding=\"async\" src=\"\/wp-content\/uploads\/2024\/03\/savsjo-plastic-snus-cans.jpg\" alt=\"\"><\/p>\n<div>\n<h2>Tj\u00e4nster<\/h2>\n<div>\n<h4><strong>Sekretess<\/strong><br \/>Alla filer, uppgifter hanterar vi med sekretess och vi tillhandah\u00e5ller sekretessavtal om s\u00e5 \u00f6nskas.<\/h4>\n<h4><strong>S\u00e4kerhetslager<\/strong><br \/>Vi erbjuder f\u00f6rvaring i ett externt s\u00e4kerhetslager mot en mindre kostnad.<\/h4>\n<h4><strong>Filformat<\/strong><br \/>F\u00f6ljande filformat f\u00f6redras: Iges (.igs) Step (.stp) Parasolid (.x_t)<\/h4>\n<h4>Vi innehar ett stort antal patent, se patent- och m\u00f6nsterskydd nedan:<\/h4>\n<\/p>\n<\/div>\n<\/div>\n<p><p>\n        <a href=\"\/patentlista\/\">G\u00e5 till patentlistan<\/a>\n    <\/p>\n<\/p>\n<p><img decoding=\"async\" src=\"\/wp-content\/uploads\/2024\/03\/savjo-plastic-plastkulor.jpg\" alt=\"\"><\/p>\n<h1>Kontakta oss<\/h1>\n<p><!--more--><br \/>\n<!-- {\"type\":\"layout\",\"children\":[{\"type\":\"section\",\"props\":{\"header_transparent\":true,\"header_transparent_noplaceholder\":true,\"height\":\"pixels\",\"height_offset_top\":true,\"height_viewport\":600,\"image\":\"wp-content\\\/uploads\\\/2024\\\/10\\\/savsjo-plastic-snus-cans-2.jpg\",\"image_loading\":true,\"image_parallax_bgy\":\"400\",\"image_position\":\"top-center\",\"image_size\":\"cover\",\"media_overlay\":\"rgba(0, 0, 0, 0.33)\",\"style\":\"default\",\"text_color\":\"light\",\"title_breakpoint\":\"xl\",\"title_position\":\"top-left\",\"title_rotation\":\"left\",\"vertical_align\":\"middle\",\"width\":\"default\"},\"children\":[{\"type\":\"row\",\"children\":[{\"type\":\"column\",\"props\":{\"image_position\":\"center-center\",\"position_sticky_breakpoint\":\"m\"},\"children\":[{\"type\":\"headline\",\"props\":{\"animation\":\"parallax\",\"content\":\"Fr\\u00e5n snusdosor till specialf\\u00f6rpackningar\",\"content_en_us\":\"From snus cans to custom packaging\",\"parallax_blur\":\"50\",\"parallax_opacity\":\"1,0\",\"parallax_scale\":\"0.5\",\"text_align\":\"center\",\"title_element\":\"h1\",\"title_style\":\"h1\"}},{\"type\":\"headline\",\"props\":{\"animation\":\"parallax\",\"content\":\"\\u2013 designade f\\u00f6r effektiv produktion och starkt varum\\u00e4rke\",\"content_en_us\":\"\\u2013 designed for efficient production and a strong brand image\",\"margin_remove_top\":true,\"parallax_blur\":\"50\",\"parallax_opacity\":\"1,0\",\"parallax_scale\":\"0.5\",\"text_align\":\"center\",\"title_element\":\"h2\",\"title_style\":\"h2\"}},{\"type\":\"button\",\"props\":{\"button_size\":\"large\",\"fullwidth\":false,\"grid_column_gap\":\"small\",\"grid_row_gap\":\"small\",\"margin\":\"default\",\"text_align\":\"center\"},\"children\":[{\"type\":\"button_item\",\"props\":{\"button_style\":\"danger\",\"content\":\"Kontakta oss\",\"content_en_us\":\"Contact us\",\"dialog_layout\":\"modal\",\"dialog_offcanvas_flip\":true,\"icon_align\":\"left\",\"link\":\"kontakta-oss\\\/\",\"link_aria_label\":\"L\\u00e4s mer \",\"link_en_us\":\"en\\\/kontakta-oss\\\/\",\"link_title\":\"L\\u00e4s mer \"}}]}]}]}],\"name\":\"Hero\"},{\"type\":\"section\",\"props\":{\"image_position\":\"center-center\",\"padding\":\"xlarge\",\"padding_remove_bottom\":true,\"style\":\"default\",\"title_breakpoint\":\"xl\",\"title_position\":\"top-left\",\"title_rotation\":\"left\",\"vertical_align\":\"\",\"width\":\"expand\"},\"children\":[{\"type\":\"row\",\"props\":{\"margin\":\"xlarge\",\"margin_remove_bottom\":true},\"children\":[{\"type\":\"column\",\"props\":{\"image_position\":\"center-center\",\"position_sticky_breakpoint\":\"m\"},\"children\":[{\"type\":\"headline\",\"props\":{\"animation\":\"parallax\",\"content\":\"V\\u00e5ra snusdosor\",\"content_en_us\":\"Our snus cans\",\"parallax_x\":\"-10vw,15vw\",\"position\":\"relative\",\"position_right\":\"50vw\",\"text_align\":\"right\",\"title_color\":\"primary\",\"title_decoration\":\"line\",\"title_element\":\"div\",\"title_style\":\"heading-small\"}}]}]},{\"type\":\"row\",\"props\":{\"column_gap\":\"medium\",\"layout\":\"1-2,1-2\",\"margin\":\"xlarge\",\"margin_remove_bottom\":true,\"row_gap\":\"medium\",\"width\":\"expand\"},\"children\":[{\"type\":\"column\",\"props\":{\"image_position\":\"center-center\",\"position_sticky_breakpoint\":\"m\",\"width_medium\":\"1-2\"},\"children\":[{\"type\":\"panel\",\"props\":{\"block_align\":\"center\",\"content\":\"\n\n<p>Vi \\u00e4r specialiserade p\\u00e5 formsprutning av snusdosor i milj\\u00f6certifierad plast. V\\u00e5ra snusdosor \\u00e4r produktionsv\\u00e4nliga och optimerade f\\u00f6r fyllningslinjer. En snusdosa med h\\u00f6g kvalitet tillverkad med precision \\u00e4r nyckeln f\\u00f6r att undvika produktionsstopp och ist\\u00e4llet kunna \\u00f6ka hastigheten p\\u00e5 linjen.<\\\/p>\\n\n\n<p>V\\u00e5r S\\u00e4vjo design collection m\\u00f6ter de allra h\\u00f6gsta kraven och ger maximal kapacitet i produktionen. D\\u00e4rf\\u00f6r v\\u00e4ljer ledande varum\\u00e4rken v\\u00e4rlden \\u00f6ver S\\u00e4vjos dosor \\u2013 popul\\u00e4ra och efterfr\\u00e5gade p\\u00e5 marknader i hela Europa och USA.<\\\/p>\\n\n\n<p>Med ett brett utbud av designer och o\\u00e4ndliga f\\u00e4rgvariationer kan vi skapa en dosa som speglar just ditt varum\\u00e4rke<\\\/p>\",\"content_column_breakpoint\":\"m\",\"content_en_us\":\"\n\n<p>We specialize in injection molding of snus cans in environmentally certified plastic. Our snus cans are production-friendly and optimized for filling lines. A high-quality snus can manufactured with precision is the key to avoiding production stops and instead being able to increase the speed of the line.<\\\/p>\n\n<p>Our S\\u00e4vjo Design Collection meets the highest standards and delivers maximum production capacity. That\\u2019s why leading brands around the world choose S\\u00e4vjo cans \\u2013 popular and in demand across Europe and the USA.<\\\/p> \n\n<p>With a wide range of designs and endless color variations, we can create a can that perfectly reflects your brand.<\\\/p>\",\"content_margin\":\"large\",\"icon_width\":80,\"image_align\":\"top\",\"image_grid_breakpoint\":\"m\",\"image_grid_width\":\"1-2\",\"image_svg_color\":\"emphasis\",\"link_margin\":\"large\",\"link_style\":\"text\",\"link_text\":\"Read more\",\"margin\":\"default\",\"maxwidth\":\"xlarge\",\"meta_align\":\"below-title\",\"meta_element\":\"div\",\"meta_style\":\"text-meta\",\"text_align\":\"left\",\"title\":\"Snusdosor optimerade f\\u00f6r fyllningslinjer\",\"title_align\":\"top\",\"title_element\":\"h2\",\"title_en_us\":\"Snus cans optimized for filling lines\",\"title_grid_breakpoint\":\"m\",\"title_grid_width\":\"1-2\",\"title_hover_style\":\"reset\",\"title_style\":\"h1\"}},{\"type\":\"button\",\"props\":{\"button_size\":\"large\",\"fullwidth\":false,\"grid_column_gap\":\"small\",\"grid_row_gap\":\"small\",\"margin\":\"default\",\"text_align\":\"center\"},\"children\":[{\"type\":\"button_item\",\"props\":{\"button_style\":\"danger\",\"content\":\"L\\u00e4s mer \",\"content_en_us\":\"Read more\",\"dialog_layout\":\"modal\",\"dialog_offcanvas_flip\":true,\"icon_align\":\"left\",\"link\":\"snusdosor\\\/\",\"link_aria_label\":\"L\\u00e4s mer \",\"link_en_us\":\"en\\\/snusdosor\\\/\",\"link_title\":\"L\\u00e4s mer \"}}]}]},{\"type\":\"column\",\"props\":{\"image_position\":\"center-center\",\"position_sticky_breakpoint\":\"m\",\"width_medium\":\"1-2\"},\"children\":[{\"type\":\"image\",\"props\":{\"animation\":\"parallax\",\"image\":\"wp-content\\\/uploads\\\/2024\\\/10\\\/savjoplastic-dosor-cans-web.jpg\",\"image_loading\":false,\"image_svg_color\":\"emphasis\",\"image_width\":\"1225\",\"margin\":\"default\",\"parallax_blur\":\"0 70%,100\",\"parallax_breakpoint\":\"l\",\"parallax_opacity\":\"1 70%,0\",\"parallax_y\":\"100,-150\",\"text_align\":\"center\"}}]}]},{\"type\":\"row\",\"props\":{\"margin\":\"xlarge\",\"margin_remove_bottom\":true},\"children\":[{\"type\":\"column\",\"props\":{\"image_position\":\"center-center\",\"position_sticky_breakpoint\":\"m\"},\"children\":[{\"type\":\"headline\",\"props\":{\"animation\":\"parallax\",\"content\":\"Innovation\",\"parallax_x\":\"-10vw,10vw\",\"position\":\"relative\",\"position_right\":\"50vw\",\"text_align\":\"right\",\"title_color\":\"primary\",\"title_decoration\":\"line\",\"title_element\":\"div\",\"title_style\":\"heading-small\"}}]}]},{\"type\":\"row\",\"props\":{\"column_gap\":\"medium\",\"layout\":\"1-2,1-2\",\"margin\":\"xlarge\",\"margin_remove_bottom\":true,\"row_gap\":\"large\",\"width\":\"expand\"},\"children\":[{\"type\":\"column\",\"props\":{\"image_position\":\"center-center\",\"padding\":\"xsmall\",\"position_sticky_breakpoint\":\"m\",\"style\":\"tile-default\",\"vertical_align\":\"middle\",\"width_medium\":\"1-2\"},\"children\":[{\"type\":\"image\",\"props\":{\"animation\":\"parallax\",\"image\":\"wp-content\\\/uploads\\\/2024\\\/10\\\/savjoplastic-dosor-cans-web-innovation.jpg\",\"image_loading\":false,\"image_svg_color\":\"emphasis\",\"image_width\":\"1225\",\"margin\":\"default\",\"parallax_blur\":\"0 70%,100\",\"parallax_breakpoint\":\"l\",\"parallax_opacity\":\"1 70%,0\",\"parallax_y\":\"100,-150\",\"text_align\":\"center\"}}]},{\"type\":\"column\",\"props\":{\"image_position\":\"center-center\",\"position_sticky_breakpoint\":\"m\",\"width_medium\":\"1-2\"},\"children\":[{\"type\":\"panel\",\"props\":{\"block_align\":\"center\",\"content\":\"\n\n<p>En dosa best\\u00e5r av tre komponenter \\u2013 underdel, ytterlock och innerlock \\u2013 som alla g\\u00e5r att utforma p\\u00e5 olika s\\u00e4tt. Vi kan hj\\u00e4lper g\\u00e4rna till i produktutvecklingen av en helt unik egen dosa.<\\\/p>\\n\n\n<p>F\\u00f6r dig som vill ha n\\u00e5got helt unikt st\\u00e5r v\\u00e5rt dedikerade R&D-team redo att utveckla skr\\u00e4ddarsydda l\\u00f6sningar som \\u00e4r anpassade efter dina behov. M\\u00f6jligheterna \\u00e4r i princip obegr\\u00e4nsade.<\\\/p>\\n\\n\n\n<p>Med ett brett utbud av designer och o\\u00e4ndliga f\\u00e4rgvariationer f\\u00e5r du full frihet att skapa en dosa som speglar ditt varum\\u00e4rke p\\u00e5 b\\u00e4sta s\\u00e4tt.<\\\/p>\",\"content_column_breakpoint\":\"m\",\"content_en_us\":\"\n\n<p>A snus can consists of three components: the can, outer lid and inner lid, each of which can be designed in various ways.<\\\/p>\\n\n\n<p>For those who want something truly unique, our dedicated R&amp;D team is ready to develop tailor-made solutions adapted to your needs. The possibilities are virtually limitless.<\\\/p> \n\n<p>With a wide range of designs and endless color variations, you have complete freedom to create a can that perfectly reflects your brand.<\\\/p>\",\"content_margin\":\"large\",\"icon_width\":80,\"image_align\":\"top\",\"image_grid_breakpoint\":\"m\",\"image_grid_width\":\"1-2\",\"image_svg_color\":\"emphasis\",\"link_margin\":\"large\",\"link_style\":\"text\",\"link_text\":\"Read more\",\"margin\":\"default\",\"maxwidth\":\"xlarge\",\"meta_align\":\"below-title\",\"meta_element\":\"div\",\"meta_style\":\"text-meta\",\"text_align\":\"left\",\"title\":\" Snusdosor med unik egen design\",\"title_align\":\"top\",\"title_element\":\"h2\",\"title_en_us\":\"Snus cans customised to unique designs\",\"title_grid_breakpoint\":\"m\",\"title_grid_width\":\"1-2\",\"title_hover_style\":\"reset\",\"title_style\":\"h1\"}},{\"type\":\"button\",\"props\":{\"button_size\":\"large\",\"fullwidth\":false,\"grid_column_gap\":\"small\",\"grid_row_gap\":\"small\",\"margin\":\"default\",\"text_align\":\"center\"},\"children\":[{\"type\":\"button_item\",\"props\":{\"button_style\":\"danger\",\"content\":\"Kontakta oss\",\"content_en_us\":\"Contact us\",\"dialog_layout\":\"modal\",\"dialog_offcanvas_flip\":true,\"icon_align\":\"left\",\"link\":\"kontakta-oss\\\/\",\"link_aria_label\":\"L\\u00e4s mer \",\"link_en_us\":\"https:\\\/\\\/www.savjoplastic.se\\\/en\\\/contact\\\/\",\"link_title\":\"L\\u00e4s mer \"}}]}]}]},{\"type\":\"row\",\"props\":{\"column_gap\":\"medium\",\"layout\":\"1-2,1-2\",\"margin\":\"xlarge\",\"margin_remove_bottom\":true,\"row_gap\":\"medium\",\"width\":\"expand\"},\"children\":[{\"type\":\"column\",\"props\":{\"image_position\":\"center-center\",\"position_sticky_breakpoint\":\"m\",\"width_medium\":\"1-2\"},\"children\":[{\"type\":\"panel\",\"props\":{\"block_align\":\"center\",\"content\":\"\n\n<p><\\\/p>\\n\n\n<ul>\\n\n\n<li>Snusdosor<\\\/li>\\n\n\n<li>Nikotinportionsf\\u00f6rpackning<\\\/li>\\n\n\n<li>Livsmedelsf\\u00f6rpackning<\\\/li>\\n<\\\/ul>\",\"content_column_breakpoint\":\"m\",\"content_en_us\":\"\n\n<ul>\\n\n\n<li>Snus cans<\\\/li>\\n\n\n<li class=\\\"m_-5056304185405755496MsoListParagraph\\\">Nicotin Pouch packaging<\\\/li>\\n\n\n<li>Food packaging<\\\/li>\\n<\\\/ul>\",\"content_margin\":\"large\",\"icon_width\":80,\"image_align\":\"top\",\"image_grid_breakpoint\":\"m\",\"image_grid_width\":\"1-2\",\"image_svg_color\":\"emphasis\",\"link_fullwidth\":false,\"link_margin\":\"large\",\"link_style\":\"text\",\"link_text\":\"Read more\",\"margin\":\"default\",\"maxwidth\":\"xlarge\",\"meta_align\":\"below-title\",\"meta_element\":\"div\",\"meta_style\":\"text-meta\",\"parallax_opacity\":\"1 85%,0\",\"text_align\":\"left\",\"title\":\"V\\u00e5ra kunder verkar inom omr\\u00e5dena:\",\"title_align\":\"top\",\"title_element\":\"h2\",\"title_en_us\":\"Our customers operate within the following areas:\",\"title_grid_breakpoint\":\"m\",\"title_grid_width\":\"1-2\",\"title_hover_style\":\"reset\",\"title_style\":\"h1\"}}]},{\"type\":\"column\",\"props\":{\"image_position\":\"center-center\",\"position_sticky_breakpoint\":\"m\",\"width_medium\":\"1-2\"},\"children\":[{\"type\":\"image\",\"props\":{\"image\":\"wp-content\\\/uploads\\\/2024\\\/03\\\/savsjo-plastic-snus-cans.jpg\",\"image_loading\":false,\"image_svg_color\":\"emphasis\",\"image_width\":\"1225\",\"margin\":\"default\",\"parallax_blur\":\"0 70%,100\",\"parallax_breakpoint\":\"l\",\"parallax_opacity\":\"1 70%,0\",\"parallax_y\":\"100,-150\",\"text_align\":\"center\"}}]}]},{\"type\":\"row\",\"props\":{\"layout\":\"1-2,1-2\",\"width\":\"expand\"},\"children\":[{\"type\":\"column\",\"props\":{\"image_position\":\"center-center\",\"position_sticky_breakpoint\":\"m\",\"vertical_align\":\"middle\",\"width_medium\":\"1-2\"},\"children\":[{\"type\":\"panel\",\"props\":{\"block_align\":\"center\",\"content\":\"\n\n<h4><strong>Sekretess<\\\/strong><br \\\/>Alla filer, uppgifter hanterar vi med sekretess och vi tillhandah\\u00e5ller sekretessavtal om s\\u00e5 \\u00f6nskas.<\\\/h4>\\n\n\n<h4><strong>S\\u00e4kerhetslager<\\\/strong><br \\\/>Vi erbjuder f\\u00f6rvaring i ett externt s\\u00e4kerhetslager mot en mindre kostnad.<\\\/h4>\\n\n\n<h4><strong>Filformat<\\\/strong><br \\\/>F\\u00f6ljande filformat f\\u00f6redras: Iges (.igs) Step (.stp) Parasolid (.x_t)<\\\/h4>\\n\n\n<h4>Vi innehar ett stort antal patent, se patent- och m\\u00f6nsterskydd nedan:<\\\/h4>\\n\n\n<p><\\\/p>\",\"content_align\":false,\"content_column_breakpoint\":\"m\",\"content_dropcap\":false,\"content_en_us\":\"\n\n<h2>We specialize in manufacturing snus cans for our customers' filling lines.<\\\/h2>\\n\n\n<h4>We manufacture the tools in Sweden and Northern Europe. We provide help with product development when developing new products - or improving old ones.<\\\/h4>\\n\n\n<h4><strong>Confidentiality<\\\/strong><br \\\/>We handle all files and data confidentially and we provide confidentiality agreements if requested.<\\\/h4>\\n\n\n<h4><strong>Secure storage<\\\/strong><br \\\/>We offer storage in an external secure storage facility for a small fee.<\\\/h4>\\n\n\n<h4><strong>File formats<\\\/strong><br \\\/>The following file formats are preferred: Iges (.igs) Step (.stp) Parasolid (.x_t)<\\\/h4>\\n\n\n<h4><br \\\/><strong>We hold a large number of patents, see patent and design protection below:<\\\/strong><\\\/h4>\",\"content_margin\":\"large\",\"icon_width\":80,\"image\":\"\",\"image_align\":\"bottom\",\"image_grid_breakpoint\":\"m\",\"image_grid_width\":\"1-2\",\"image_margin\":\"medium\",\"image_svg_color\":\"primary\",\"image_svg_inline\":true,\"image_width\":\"350\",\"link_style\":\"default\",\"link_text\":\"Read more\",\"margin\":\"default\",\"maxwidth\":\"xlarge\",\"meta_align\":\"below-title\",\"meta_element\":\"div\",\"meta_style\":\"text-meta\",\"parallax_breakpoint\":\"l\",\"text_align\":\"left\",\"title\":\"Tj\\u00e4nster\",\"title_align\":\"top\",\"title_element\":\"h2\",\"title_en_us\":\"Services\",\"title_grid_breakpoint\":\"m\",\"title_grid_width\":\"1-2\",\"title_hover_style\":\"reset\",\"title_style\":\"h1\"}},{\"type\":\"button\",\"props\":{\"button_size\":\"large\",\"grid_column_gap\":\"small\",\"grid_row_gap\":\"small\",\"margin\":\"small\",\"text_align\":\"center\"},\"children\":[{\"type\":\"button_item\",\"props\":{\"button_style\":\"primary\",\"content\":\"G\\u00e5 till patentlistan\",\"content_en_us\":\"Patent list\",\"dialog_layout\":\"modal\",\"dialog_offcanvas_flip\":true,\"icon\":\"file-text\",\"icon_align\":\"left\",\"link\":\"patentlista\\\/\"}}],\"name\":\"patentlista knapp\"}]},{\"type\":\"column\",\"props\":{\"image_position\":\"center-center\",\"position_sticky_breakpoint\":\"m\",\"width_medium\":\"1-2\"},\"children\":[{\"type\":\"image\",\"props\":{\"animation\":\"parallax\",\"image\":\"wp-content\\\/uploads\\\/2024\\\/03\\\/savjo-plastic-plastkulor.jpg\",\"image_loading\":false,\"image_svg_color\":\"emphasis\",\"margin\":\"default\",\"parallax_blur\":\"0 70%,100\",\"parallax_breakpoint\":\"l\",\"parallax_opacity\":\"1 70%,0\",\"parallax_y\":\"100,-150\"}}]}]},{\"type\":\"row\",\"children\":[{\"type\":\"column\",\"props\":{\"image_position\":\"center-center\",\"position_sticky_breakpoint\":\"m\"}}]}],\"name\":\"About\"},{\"type\":\"section\",\"props\":{\"image_position\":\"center-center\",\"style\":\"primary\",\"title_breakpoint\":\"xl\",\"title_position\":\"top-left\",\"title_rotation\":\"left\",\"vertical_align\":\"middle\",\"width\":\"default\"},\"children\":[{\"type\":\"row\",\"children\":[{\"type\":\"column\",\"props\":{\"image_position\":\"center-center\",\"position_sticky_breakpoint\":\"m\"},\"children\":[{\"type\":\"headline\",\"props\":{\"content\":\"Kontakta oss\",\"content_en_us\":\"Contact us\",\"title_element\":\"h1\"}},{\"type\":\"module\",\"props\":{\"menu_image_align\":\"center\",\"menu_image_margin\":true,\"menu_style\":\"default\",\"menu_type\":\"nav\",\"type\":\"frm_show_form\",\"widget\":\"frm_show_form-2\"}}]}]}]}],\"version\":\"4.5.28\"} --><\/p>\n","protected":false},"excerpt":{"rendered":"<p>Fr\u00e5n snusdosor till specialf\u00f6rpackningar \u2013 designade f\u00f6r effektiv produktion och starkt varum\u00e4rke Kontakta oss V\u00e5ra snusdosor Snusdosor optimerade f\u00f6r fyllningslinjer Vi \u00e4r specialiserade p\u00e5 formsprutning av snusdosor i milj\u00f6certifierad plast. V\u00e5ra snusdosor \u00e4r produktionsv\u00e4nliga och optimerade f\u00f6r fyllningslinjer. En snusdosa med h\u00f6g kvalitet tillverkad med precision \u00e4r nyckeln f\u00f6r att undvika produktionsstopp och ist\u00e4llet kunna [&hellip;]<\/p>\n","protected":false},"author":1,"featured_media":0,"parent":0,"menu_order":0,"comment_status":"closed","ping_status":"closed","template":"","meta":{"_acf_changed":false,"footnotes":""},"class_list":["post-75","page","type-page","status-publish","hentry"],"acf":[],"_links":{"self":[{"href":"https:\/\/www.savjoplastic.se\/en\/wp-json\/wp\/v2\/pages\/75","targetHints":{"allow":["GET"]}}],"collection":[{"href":"https:\/\/www.savjoplastic.se\/en\/wp-json\/wp\/v2\/pages"}],"about":[{"href":"https:\/\/www.savjoplastic.se\/en\/wp-json\/wp\/v2\/types\/page"}],"author":[{"embeddable":true,"href":"https:\/\/www.savjoplastic.se\/en\/wp-json\/wp\/v2\/users\/1"}],"replies":[{"embeddable":true,"href":"https:\/\/www.savjoplastic.se\/en\/wp-json\/wp\/v2\/comments?post=75"}],"version-history":[{"count":71,"href":"https:\/\/www.savjoplastic.se\/en\/wp-json\/wp\/v2\/pages\/75\/revisions"}],"predecessor-version":[{"id":1095,"href":"https:\/\/www.savjoplastic.se\/en\/wp-json\/wp\/v2\/pages\/75\/revisions\/1095"}],"wp:attachment":[{"href":"https:\/\/www.savjoplastic.se\/en\/wp-json\/wp\/v2\/media?parent=75"}],"curies":[{"name":"wp","href":"https:\/\/api.w.org\/{rel}","templated":true}]}}