{"id":380,"date":"2024-11-24T13:40:13","date_gmt":"2024-11-24T13:40:13","guid":{"rendered":"http:\/\/savjoplastic.se.loopiadns.com\/?page_id=380"},"modified":"2025-09-12T09:16:15","modified_gmt":"2025-09-12T09:16:15","slug":"leveransvillkor","status":"publish","type":"page","link":"https:\/\/www.savjoplastic.se\/en\/delivery-terms\/","title":{"rendered":"Delivery Terms"},"content":{"rendered":"<h1>\n<h1 style=\"text-align: center;\">Leveransvillkor<\/h1>\n<\/h1>\n<h1>Leveransvillkor<\/h1>\n<div>\n<h4>Vid samtliga leveranser till\u00e4mpas ALLM\u00c4NNA LEVERANSBEST\u00c4MMELSER F\u00d6R PLASTBRANSCHEN.<\/h4>\n<p>L\u00e4s fullst\u00e4ndiga vilkor genom att klicka p\u00e5 knappen nedan.<\/p>\n<\/div>\n<p><p>\n        <a href=\"\/wp-content\/uploads\/2025\/06\/SPIF-Allmanna-Leveransbestammelser-2021.pdf\">PDF (Allm\u00e4nna leveransbest\u00e4mmelser f\u00f6r SPIF)<\/a>\n    <\/p>\n<\/p>\n<p><img decoding=\"async\" src=\"\/wp-content\/uploads\/2024\/11\/Svsjo5-b90dc6ef.jpeg\" alt=\"\"><\/p>\n<p><!--more--><br \/>\n<!-- {\"type\":\"layout\",\"children\":[{\"type\":\"section\",\"props\":{\"header_transparent\":true,\"header_transparent_noplaceholder\":true,\"height\":\"page\",\"height_offset_top\":false,\"height_viewport\":200,\"image\":\"wp-content\\\/uploads\\\/2024\\\/11\\\/snusdosor-pall-scaled.jpg\",\"image_effect\":\"parallax\",\"image_loading\":true,\"image_parallax_bgy\":\"400\",\"image_position\":\"top-center\",\"image_size\":\"cover\",\"style\":\"default\",\"text_color\":\"light\",\"title_breakpoint\":\"xl\",\"title_position\":\"top-left\",\"title_rotation\":\"left\",\"vertical_align\":\"middle\",\"width\":\"default\"},\"children\":[{\"type\":\"row\",\"children\":[{\"type\":\"column\",\"props\":{\"image_position\":\"center-center\",\"position_sticky_breakpoint\":\"m\"},\"children\":[{\"type\":\"headline\",\"props\":{\"content\":\"\n\n<h1 style=\\\"text-align: center;\\\">Leveransvillkor<\\\/h1>\",\"content_en_us\":\"Delivery terms\",\"parallax_blur\":\"50\",\"parallax_opacity\":\"1,0\",\"parallax_scale\":\"0.5\",\"text_align\":\"center\",\"title_element\":\"h1\",\"title_style\":\"heading-medium\"}}]}],\"props\":{\"height_viewport\":20}}],\"name\":\"Hero -nyhet\"},{\"type\":\"section\",\"props\":{\"image_position\":\"center-center\",\"style\":\"default\",\"title_breakpoint\":\"xl\",\"title_position\":\"top-left\",\"title_rotation\":\"left\",\"vertical_align\":\"middle\",\"width\":\"default\"},\"children\":[{\"type\":\"row\",\"props\":{\"layout\":\"1-2,1-2\"},\"children\":[{\"type\":\"column\",\"props\":{\"image_position\":\"center-center\",\"position_sticky_breakpoint\":\"m\",\"width_medium\":\"1-2\"},\"children\":[{\"type\":\"headline\",\"props\":{\"content\":\"Leveransvillkor\",\"content_en_us\":\"Delivery terms\",\"title_element\":\"h1\"}},{\"type\":\"text\",\"props\":{\"column_breakpoint\":\"m\",\"content\":\"\n\n<h4>Vid samtliga leveranser till\\u00e4mpas ALLM\\u00c4NNA LEVERANSBEST\\u00c4MMELSER F\\u00d6R PLASTBRANSCHEN.<\\\/h4>\\n\n\n<p><br \\\/>L\\u00e4s fullst\\u00e4ndiga vilkor genom att klicka p\\u00e5 knappen nedan.<\\\/p>\",\"content_en_us\":\"\n\n<h4>GENERAL DELIVERY TERMS FOR THE PLASTIC INDUSTRY apply to all deliveries.<\\\/h4>\\n\n\n<p><span>Read the full terms by clicking the button below (PDF).\\u00a0<\\\/span><\\\/p>\",\"margin\":\"default\"}},{\"type\":\"button\",\"props\":{\"button_size\":\"large\",\"grid_column_gap\":\"small\",\"grid_row_gap\":\"small\",\"margin\":\"default\"},\"children\":[{\"type\":\"button_item\",\"props\":{\"button_style\":\"danger\",\"content\":\"PDF (Allm\\u00e4nna leveransbest\\u00e4mmelser f\\u00f6r SPIF)\",\"content_en_us\":\"PDF (General Delivery Terms SPIF)\",\"dialog_layout\":\"modal\",\"dialog_offcanvas_flip\":true,\"icon\":\"download\",\"icon_align\":\"left\",\"link\":\"wp-content\\\/uploads\\\/2025\\\/06\\\/SPIF-Allmanna-Leveransbestammelser-2021.pdf\",\"link_en_us\":\"wp-content\\\/uploads\\\/2025\\\/08\\\/SPIF-General-Delivery-Terms-2023-03-07.pdf\",\"link_target\":\"blank\"}}]}]},{\"type\":\"column\",\"props\":{\"image_position\":\"center-center\",\"position_sticky_breakpoint\":\"m\",\"width_medium\":\"1-2\"},\"children\":[{\"type\":\"image\",\"props\":{\"image\":\"wp-content\\\/uploads\\\/2024\\\/11\\\/Svsjo5-b90dc6ef.jpeg\",\"image_svg_color\":\"emphasis\",\"margin\":\"default\"}}]}]}]}],\"version\":\"4.5.27\"} --><\/p>\n","protected":false},"excerpt":{"rendered":"<p>Leveransvillkor Leveransvillkor Vid samtliga leveranser till\u00e4mpas ALLM\u00c4NNA LEVERANSBEST\u00c4MMELSER F\u00d6R PLASTBRANSCHEN. L\u00e4s fullst\u00e4ndiga vilkor genom att klicka p\u00e5 knappen nedan. PDF (Allm\u00e4nna leveransbest\u00e4mmelser f\u00f6r SPIF)<\/p>\n","protected":false},"author":1,"featured_media":0,"parent":0,"menu_order":0,"comment_status":"closed","ping_status":"closed","template":"","meta":{"_acf_changed":false,"footnotes":""},"class_list":["post-380","page","type-page","status-publish","hentry"],"acf":[],"_links":{"self":[{"href":"https:\/\/www.savjoplastic.se\/en\/wp-json\/wp\/v2\/pages\/380","targetHints":{"allow":["GET"]}}],"collection":[{"href":"https:\/\/www.savjoplastic.se\/en\/wp-json\/wp\/v2\/pages"}],"about":[{"href":"https:\/\/www.savjoplastic.se\/en\/wp-json\/wp\/v2\/types\/page"}],"author":[{"embeddable":true,"href":"https:\/\/www.savjoplastic.se\/en\/wp-json\/wp\/v2\/users\/1"}],"replies":[{"embeddable":true,"href":"https:\/\/www.savjoplastic.se\/en\/wp-json\/wp\/v2\/comments?post=380"}],"version-history":[{"count":14,"href":"https:\/\/www.savjoplastic.se\/en\/wp-json\/wp\/v2\/pages\/380\/revisions"}],"predecessor-version":[{"id":995,"href":"https:\/\/www.savjoplastic.se\/en\/wp-json\/wp\/v2\/pages\/380\/revisions\/995"}],"wp:attachment":[{"href":"https:\/\/www.savjoplastic.se\/en\/wp-json\/wp\/v2\/media?parent=380"}],"curies":[{"name":"wp","href":"https:\/\/api.w.org\/{rel}","templated":true}]}}