{"id":194,"date":"2024-11-03T18:26:14","date_gmt":"2024-11-03T18:26:14","guid":{"rendered":"http:\/\/savjoplastic.se.loopiadns.com\/?page_id=194"},"modified":"2025-08-21T10:49:59","modified_gmt":"2025-08-21T10:49:59","slug":"miljo","status":"publish","type":"page","link":"https:\/\/www.savjoplastic.se\/en\/environment\/","title":{"rendered":"Environment"},"content":{"rendered":"<h1>\n<h1 class=\"uk-heading-bullet uk-scrollspy-inview \" uk-scrollspy-class=\"\">S\u00e4vjo Plastic\u00a0tar ansvar f\u00f6r milj\u00f6n<\/h1>\n<\/h1>\n<h2>S\u00e4vjo Plastic arbetar kontinuerligt f\u00f6r att minska f\u00f6retagets milj\u00f6p\u00e5verkan.<\/h2>\n<div>\n<h3><strong>\u2013 Vi har med en m\u00e5lmedveten satsning valt att l\u00e4gga fokus p\u00e5 h\u00e5llbarhet och milj\u00f6 d\u00e4r vi ska ligga i framkant. Arbetet handlar om att minska CO\u00b2-p\u00e5verkan s\u00e5 mycket det \u00e4r m\u00f6jligt, f\u00f6rklarar Joakim Bjerhag, VD p\u00e5 S\u00e4vjo Plastic AB.\u00a0<\/strong><\/h3>\n<h4>Senaste \u00e5ren har maskinparken f\u00f6rnyats med marknadens mest energieffektiva maskiner, helelektriska formsprutor som drivs med el fr\u00e5n sol, vind och vatten. Fr\u00e5n samma resurs drivs \u00e4ven en 100% eldriven transportbil som sk\u00f6ter de interna transporterna och den senaste satsningen \u00e4r anv\u00e4ndningen av fossilfri r\u00e5vara (tallolja) med sp\u00e5rbarhet.<\/h4>\n<h4>Genom att erbjuda v\u00e5ra kunder fossilfri r\u00e5vara har vi efter 18 m\u00e5nader\u00a0i v\u00e5r tillverkning minskat CO\u00b2-avtrycket med hela 800 ton.<\/h4>\n<\/div>\n<p><img decoding=\"async\" src=\"\/wp-content\/uploads\/2024\/11\/DSCF6724.jpg\" alt=\"\"><\/p>\n<div>\n<div class=\"uk-panel uk-text-lead uk-margin uk-scrollspy-inview \" uk-scrollspy-class=\"\">\n<h3>Vi erbjuder v\u00e5ra kunder inom fyllningsindustrin snusdosor i milj\u00f6certifierat material med bas av tallolja. En f\u00f6rnyelsebar restprodukt fr\u00e5n skogsindustrin.<\/h3>\n<h3><strong>\u2013 Plastf\u00f6rpackningar kan ha p\u00e5verkan p\u00e5 b\u00e5de milj\u00f6 och klimat. Klimatsmarta f\u00f6rpackningar \u00e4r framtiden och ocks\u00e5 ofta ett krav inom livsmedelsbranschen. D\u00e4rf\u00f6r k\u00e4nns det j\u00e4tteroligt att kunna s\u00e4tta snusdosor i milj\u00f6certifierat material p\u00e5 marknaden, f\u00f6rklarar Joakim Bjerhag, VD p\u00e5 S\u00e4vjo Plastic.<\/strong><\/h3>\n<h4>S\u00e4vjo Plastic AB \u00e4r tredjepartscertifierade enligt International Sustainability and Carbon Certification PLUS SYSTEM (ISCC Plus) vilket s\u00e4kerst\u00e4ller att materialen som k\u00f6ps in \u00e4r tillverkade under h\u00e5llbara f\u00f6rh\u00e5llanden.<\/h4>\n<h4>Certifikatet intygar anv\u00e4ndning och sp\u00e5rbarhet av f\u00f6rnybara alternativ till fossilbaserat plastmaterial. Anv\u00e4ndningen av talloljebaserat material minskar koldioxidutsl\u00e4ppen med ca 8 kg koldioxid per kg producerad vara i j\u00e4mf\u00f6relse med vanlig PP-plast.<\/h4>\n<h4>Genom ISCC Plus-certifieringen f\u00e5s en garanti p\u00e5 att det tillf\u00f6rs lika mycket fossilfri plastr\u00e5vara till marknaden som det anv\u00e4nds i de tillverkade f\u00f6rpackningarna. Detta m\u00f6jligg\u00f6rs genom en s\u00e5 kallad massbalansl\u00f6sning, som inneb\u00e4r att man ers\u00e4tter fossil olja mot tallolja i motsvarande m\u00e4ngd som anv\u00e4nds i tillverkningen.<\/h4>\n<h4>\u2013 Plastf\u00f6rpackningar kan ha p\u00e5verkan p\u00e5 b\u00e5de milj\u00f6 och klimat. Klimatsmarta f\u00f6rpackningar \u00e4r framtiden och ocks\u00e5 ofta ett krav inom livsmedelsbranschen. D\u00e4rf\u00f6r k\u00e4nns det j\u00e4tteroligt att kunna s\u00e4tta snusdosor i milj\u00f6certifierat material p\u00e5 marknaden, f\u00f6rklarar Joakim Bjerhag, VD p\u00e5 S\u00e4vjo Plastic.<\/h4>\n<\/div>\n<\/div>\n<p><img decoding=\"async\" src=\"\/wp-content\/uploads\/2024\/10\/ISCC-cert.png\" alt=\"\"><\/p>\n<ul>\n<li>\n<p>        <img decoding=\"async\" src=\"\/wp-content\/uploads\/2024\/03\/ISO-14001-v2-535b2140.png\" alt=\"ISO 14001\"><\/p>\n<h3>ISO 14001<\/h3>\n<p>ISO 14001<\/p>\n<\/li>\n<li>\n<p>        <img decoding=\"async\" src=\"\/wp-content\/uploads\/2024\/03\/ISO-9001-v2-8bb37ca9.png\" alt=\"ISO-9001\"><\/p>\n<h3>ISO-9001<\/h3>\n<p>ISO-9001<\/p>\n<\/li>\n<\/ul>\n<div>\n<p>Vi \u00e4r certifierade enligt ISO 14001 och ISO 9001<\/p>\n<\/p>\n<\/div>\n<ul>\n<li>\n<p>\n        <a href=\"\/wp-content\/uploads\/2025\/06\/2698-Savjo-Plastic-AB-sv.pdf\">Se v\u00e5rt ISO-certifikat<\/a>\n    <\/p>\n<\/li>\n<li>\n<p>\n        <a href=\"\/wp-content\/uploads\/2025\/06\/ISCC-PLUS-Cert-SE205-00001020.pdf\">SE V\u00c5RT ISCC-Certifikat<\/a>\n    <\/p>\n<\/li>\n<\/ul>\n<h1>\n<h2 uk-scrollspy-class=\"\" class=\"uk-scrollspy-inview \">El fr\u00e5n f\u00f6rnybara k\u00e4llor<\/h2>\n<\/h1>\n<p><img decoding=\"async\" src=\"\/wp-content\/uploads\/2024\/11\/energi-bd340e13.jpeg\" alt=\"\"><\/p>\n<h1>\n<h2 uk-scrollspy-class=\"\" class=\"uk-scrollspy-inview \">Snusdosor i milj\u00f6certifierat material<\/h2>\n<\/h1>\n<p><img decoding=\"async\" src=\"\/wp-content\/uploads\/2024\/11\/pine-tree-2ed8ebb3.jpeg\" alt=\"\"><\/p>\n<blockquote>\n<p><span>Talloljebaserat material minskar koldioxidutsl\u00e4ppen med ca 8 kg koldioxid per kg producerad vara i j\u00e4mf\u00f6relse med vanlig PP-plast.<\/span><\/p>\n<\/blockquote>\n<p><!--more--><br \/>\n<!-- {\"type\":\"layout\",\"children\":[{\"type\":\"section\",\"props\":{\"header_transparent\":true,\"header_transparent_noplaceholder\":true,\"header_transparent_text_color\":\"light\",\"image_loading\":true,\"image_position\":\"center-center\",\"media_blend_mode\":\"multiply\",\"media_overlay\":\"rgba(0, 0, 0, 0.41)\",\"padding\":\"xlarge\",\"style\":\"default\",\"text_color\":\"light\",\"title_breakpoint\":\"xl\",\"title_position\":\"top-left\",\"title_rotation\":\"left\",\"vertical_align\":\"\",\"video\":\"wp-content\\\/uploads\\\/2024\\\/11\\\/18675168-uhd_3840_2160_30fps.mp4\",\"video_width\":\"2560\",\"width\":\"large\"},\"children\":[{\"type\":\"row\",\"children\":[{\"type\":\"column\",\"props\":{\"image_position\":\"center-center\",\"position_sticky_breakpoint\":\"m\"},\"children\":[{\"type\":\"headline\",\"props\":{\"animation\":\"parallax\",\"content\":\"\n\n<h1 class=\\\"uk-heading-bullet uk-scrollspy-inview \\\" uk-scrollspy-class=\\\"\\\">S\\u00e4vjo Plastic\\u00a0tar ansvar f\\u00f6r milj\\u00f6n<\\\/h1>\",\"content_en_us\":\"\n\n<h1>S\\u00e4vjo Plastic takes responsibility for the environment<\\\/h1>\",\"parallax_blur\":\"50\",\"parallax_opacity\":\"1,0\",\"parallax_scale\":\"0.5\",\"text_align\":\"center\",\"title_element\":\"h1\",\"title_style\":\"heading-2xlarge\"}}]}]}],\"name\":\"Hero\"},{\"type\":\"section\",\"props\":{\"image_position\":\"center-center\",\"padding\":\"large\",\"padding_remove_bottom\":true,\"style\":\"default\",\"title_breakpoint\":\"xl\",\"title_position\":\"top-left\",\"title_rotation\":\"left\",\"vertical_align\":\"\",\"width\":\"expand\"},\"children\":[{\"type\":\"row\",\"props\":{\"column_gap\":\"large\",\"layout\":\"4-5,1-5\",\"width\":\"xlarge\"},\"children\":[{\"type\":\"column\",\"props\":{\"image_position\":\"center-center\",\"position_sticky\":\"column\",\"position_sticky_breakpoint\":\"m\",\"position_sticky_offset\":\"50vh - 50%\",\"width_medium\":\"4-5\"},\"children\":[{\"type\":\"fragment\",\"props\":{\"margin\":\"default\"},\"children\":[{\"type\":\"row\",\"children\":[{\"type\":\"column\",\"props\":{\"image_position\":\"center-center\",\"position_sticky_breakpoint\":\"m\"},\"children\":[{\"type\":\"headline\",\"props\":{\"content\":\"S\\u00e4vjo Plastic arbetar kontinuerligt f\\u00f6r att minska f\\u00f6retagets milj\\u00f6p\\u00e5verkan.\",\"content_en_us\":\"S\\u00e4vjo Plastic continually endeavours to reduce the company\\u2019s environmental impact.\",\"id\":\"starters\",\"margin\":\"medium\",\"title_element\":\"h2\",\"title_style\":\"heading-small\"}},{\"type\":\"text\",\"props\":{\"column_breakpoint\":\"m\",\"content\":\"\n\n<h3><strong>\\u2013 Vi har med en m\\u00e5lmedveten satsning valt att l\\u00e4gga fokus p\\u00e5 h\\u00e5llbarhet och milj\\u00f6 d\\u00e4r vi ska ligga i framkant. Arbetet handlar om att minska CO\\u00b2-p\\u00e5verkan s\\u00e5 mycket det \\u00e4r m\\u00f6jligt, f\\u00f6rklarar Joakim Bjerhag, VD p\\u00e5 S\\u00e4vjo Plastic AB.\\u00a0<\\\/strong><\\\/h3>\\n\n\n<h4>Senaste \\u00e5ren har maskinparken f\\u00f6rnyats med marknadens mest energieffektiva maskiner, helelektriska formsprutor som drivs med el fr\\u00e5n sol, vind och vatten. Fr\\u00e5n samma resurs drivs \\u00e4ven en 100% eldriven transportbil som sk\\u00f6ter de interna transporterna och den senaste satsningen \\u00e4r anv\\u00e4ndningen av fossilfri r\\u00e5vara (tallolja) med sp\\u00e5rbarhet.<\\\/h4>\\n\n\n<h4>Genom att erbjuda v\\u00e5ra kunder fossilfri r\\u00e5vara har vi efter 18 m\\u00e5nader\\u00a0i v\\u00e5r tillverkning minskat CO\\u00b2-avtrycket med hela 800 ton.<\\\/h4>\",\"content_en_us\":\"\n\n<h3>\\u201cWe\\u2019ve purposefully concentrated on sustainability and the environment, aiming to be at the very forefront of developments. Our efforts are focused on reducing carbon emissions as far as possible,\\u201d explains Joakim Bjerhag CEO of S\\u00e4vjo Plastic AB.<\\\/h3>\\n\n\n<h4>The company\\u2019s plant has been upgraded in recent years and now includes the most energy-efficient, fully electric injection moulding machines powered by electricity generated from the sun, wind and water. Using the same resources we also have a 100% electric vehicle for all internal journeys, and the latest initiative involves the use of traceable fossil-free raw material (pine oil).<\\\/h4>\\n\n\n<h4>Offering our customers fossil-free raw materials has enabled us to reduce carbon emissions from production by an impressive 800 tonnes over the course of just 18 months.<\\\/h4>\",\"margin\":\"default\"}},{\"type\":\"image\",\"props\":{\"image\":\"wp-content\\\/uploads\\\/2024\\\/11\\\/DSCF6724.jpg\",\"image_svg_color\":\"emphasis\",\"image_width\":800,\"margin\":\"default\"}},{\"type\":\"text\",\"props\":{\"column_breakpoint\":\"m\",\"content\":\"\n\n<div class=\\\"uk-panel uk-text-lead uk-margin uk-scrollspy-inview \\\" uk-scrollspy-class=\\\"\\\">\\n\n\n<h3>Vi erbjuder v\\u00e5ra kunder inom fyllningsindustrin snusdosor i milj\\u00f6certifierat material med bas av tallolja. En f\\u00f6rnyelsebar restprodukt fr\\u00e5n skogsindustrin.<\\\/h3>\\n\n\n<h3><strong>\\u2013 Plastf\\u00f6rpackningar kan ha p\\u00e5verkan p\\u00e5 b\\u00e5de milj\\u00f6 och klimat. Klimatsmarta f\\u00f6rpackningar \\u00e4r framtiden och ocks\\u00e5 ofta ett krav inom livsmedelsbranschen. D\\u00e4rf\\u00f6r k\\u00e4nns det j\\u00e4tteroligt att kunna s\\u00e4tta snusdosor i milj\\u00f6certifierat material p\\u00e5 marknaden, f\\u00f6rklarar Joakim Bjerhag, VD p\\u00e5 S\\u00e4vjo Plastic.<\\\/strong><\\\/h3>\\n\n\n<h4>S\\u00e4vjo Plastic AB \\u00e4r tredjepartscertifierade enligt International Sustainability and Carbon Certification PLUS SYSTEM (ISCC Plus) vilket s\\u00e4kerst\\u00e4ller att materialen som k\\u00f6ps in \\u00e4r tillverkade under h\\u00e5llbara f\\u00f6rh\\u00e5llanden.<\\\/h4>\\n\n\n<h4>Certifikatet intygar anv\\u00e4ndning och sp\\u00e5rbarhet av f\\u00f6rnybara alternativ till fossilbaserat plastmaterial. Anv\\u00e4ndningen av talloljebaserat material minskar koldioxidutsl\\u00e4ppen med ca 8 kg koldioxid per kg producerad vara i j\\u00e4mf\\u00f6relse med vanlig PP-plast.<\\\/h4>\\n\n\n<h4>Genom ISCC Plus-certifieringen f\\u00e5s en garanti p\\u00e5 att det tillf\\u00f6rs lika mycket fossilfri plastr\\u00e5vara till marknaden som det anv\\u00e4nds i de tillverkade f\\u00f6rpackningarna. Detta m\\u00f6jligg\\u00f6rs genom en s\\u00e5 kallad massbalansl\\u00f6sning, som inneb\\u00e4r att man ers\\u00e4tter fossil olja mot tallolja i motsvarande m\\u00e4ngd som anv\\u00e4nds i tillverkningen.<\\\/h4>\\n\n\n<h4>\\u2013 Plastf\\u00f6rpackningar kan ha p\\u00e5verkan p\\u00e5 b\\u00e5de milj\\u00f6 och klimat. Klimatsmarta f\\u00f6rpackningar \\u00e4r framtiden och ocks\\u00e5 ofta ett krav inom livsmedelsbranschen. D\\u00e4rf\\u00f6r k\\u00e4nns det j\\u00e4tteroligt att kunna s\\u00e4tta snusdosor i milj\\u00f6certifierat material p\\u00e5 marknaden, f\\u00f6rklarar Joakim Bjerhag, VD p\\u00e5 S\\u00e4vjo Plastic.<\\\/h4>\\n<\\\/div>\",\"content_en_us\":\"\n\n<h3>In the filling industry, we offer our customers snus cans made from environmentally certified material based on pine oil; a renewable residual product of the forest industry.<\\\/h3>\\n\n\n<h3>\\u201cPlastic packaging can impact on both the environment and climate. Low-carbon packaging is the future, and often also a requirement in the food industry. That\\u2019s why it\\u2019s great to be able to sell snus cans made from environmentally certified material on the market,\\u201d explains Joakim Bjerhag, CEO of S\\u00e4vjo Plastic.<\\\/h3>\\n\n\n<h4>S\\u00e4vjo Plastic AB is third-party certified according to the International Sustainability and Carbon Certification PLUS SYSTEM (ISCC Plus), which ensures input materials have been produced under sustainable conditions.<\\\/h4>\\n\n\n<h4>The certification is proof of the use and traceability of renewable alternatives to fossil-based plastic material. The use of tall oil-based material cuts carbon emissions by roughly 8 kg of CO2 per kg of goods produced, compared with normal PP plastic.<\\\/h4>\\n\n\n<h4>The ISCC Plus certification guarantees that the same amount of fossil-free plastic raw material is supplied to the market as is used in the packaging produced. This is achieved by means of a \\u2018mass balance solution\\u2019, which involves replacing fossil oil with tall oil in an amount that corresponds to that used in production.<\\\/h4>\\n\n\n<h4>\\u201cPlastic packaging can impact on both the environment and climate. Low-carbon packaging is the future, and often also a requirement in the food industry. That\\u2019s why it\\u2019s great to be able to sell snus cans made from environmentally certified material on the market,\\u201d explains Joakim Bjerhag, CEO of S\\u00e4vjo Plastic.<\\\/h4>\\n\n\n<h4><\\\/h4>\",\"margin\":\"default\"}}]}],\"props\":{\"margin\":\"xlarge\"}}]},{\"type\":\"image\",\"props\":{\"image\":\"wp-content\\\/uploads\\\/2024\\\/10\\\/ISCC-cert.png\",\"image_svg_color\":\"emphasis\",\"image_width\":200,\"margin\":\"default\"}},{\"type\":\"fragment\",\"props\":{\"margin\":\"default\"},\"children\":[{\"type\":\"row\",\"props\":{\"layout\":\"1-2,1-2\"},\"children\":[{\"type\":\"column\",\"props\":{\"image_position\":\"center-center\",\"position_sticky_breakpoint\":\"m\",\"width_medium\":\"1-2\"},\"children\":[{\"type\":\"gallery\",\"props\":{\"filter_align\":\"left\",\"filter_all\":true,\"filter_grid_breakpoint\":\"m\",\"filter_grid_width\":\"auto\",\"filter_position\":\"top\",\"filter_style\":\"tab\",\"grid_default\":\"3\",\"grid_large\":\"5\",\"grid_medium\":\"3\",\"item_animation\":true,\"lightbox_bg_close\":true,\"link_style\":\"default\",\"link_text\":\"Read more\",\"margin\":\"default\",\"meta_align\":\"below-title\",\"meta_element\":\"div\",\"meta_style\":\"text-meta\",\"overlay_hover\":true,\"overlay_mode\":\"cover\",\"overlay_position\":\"center\",\"overlay_style\":\"overlay-primary\",\"overlay_transition\":\"fade\",\"show_content\":true,\"show_hover_image\":true,\"show_hover_video\":true,\"show_link\":true,\"show_meta\":true,\"show_title\":true,\"text_align\":\"center\",\"text_color\":\"light\",\"title_element\":\"h3\",\"title_hover_style\":\"reset\"},\"children\":[{\"type\":\"gallery_item\",\"props\":{\"image\":\"wp-content\\\/uploads\\\/2024\\\/03\\\/ISO-14001-v2-535b2140.png\",\"image_alt\":\"ISO 14001\",\"meta\":\"ISO 14001\",\"title\":\"ISO 14001\"}},{\"type\":\"gallery_item\",\"props\":{\"image\":\"wp-content\\\/uploads\\\/2024\\\/03\\\/ISO-9001-v2-8bb37ca9.png\",\"image_alt\":\"ISO-9001\",\"meta\":\"ISO-9001\",\"title\":\"ISO-9001\"}}],\"name\":\"iso symb\"}]},{\"type\":\"column\",\"props\":{\"image_position\":\"center-center\",\"position_sticky_breakpoint\":\"m\",\"width_medium\":\"1-2\"}}]}]},{\"type\":\"text\",\"props\":{\"column_breakpoint\":\"m\",\"content\":\"\n\n<p>Vi \\u00e4r certifierade enligt ISO 14001 och ISO 9001<\\\/p>\\n\n\n<p><\\\/p>\",\"content_en_us\":\"\n\n<p>We are certified ISO 14001 and ISO 9001.<\\\/p>\",\"margin\":\"default\"},\"name\":\"iso text\"},{\"type\":\"button\",\"props\":{\"button_size\":\"large\",\"grid_column_gap\":\"small\",\"grid_row_gap\":\"small\",\"margin\":\"default\"},\"children\":[{\"type\":\"button_item\",\"props\":{\"button_style\":\"danger\",\"content\":\"Se v\\u00e5rt ISO-certifikat\",\"content_en_us\":\"Our ISO-certificate\",\"dialog_layout\":\"modal\",\"dialog_offcanvas_flip\":true,\"icon\":\"file-pdf\",\"icon_align\":\"left\",\"link\":\"wp-content\\\/uploads\\\/2025\\\/06\\\/2698-Savjo-Plastic-AB-sv.pdf\"}},{\"type\":\"button_item\",\"props\":{\"button_style\":\"danger\",\"content\":\"SE V\\u00c5RT ISCC-Certifikat\",\"content_en_us\":\"Our ISCC-certificate\",\"dialog_layout\":\"modal\",\"dialog_offcanvas_flip\":true,\"icon\":\"file-pdf\",\"icon_align\":\"left\",\"link\":\"wp-content\\\/uploads\\\/2025\\\/06\\\/ISCC-PLUS-Cert-SE205-00001020.pdf\",\"link_target\":\"blank\"}}],\"name\":\"iso cert\"}]},{\"type\":\"column\",\"props\":{\"image_position\":\"center-center\",\"position_sticky_breakpoint\":\"m\",\"width_medium\":\"1-5\"},\"children\":[{\"type\":\"headline\",\"props\":{\"content\":\"\n\n<h2 uk-scrollspy-class=\\\"\\\" class=\\\"uk-scrollspy-inview \\\">El fr\\u00e5n f\\u00f6rnybara k\\u00e4llor<\\\/h2>\",\"content_en_us\":\"\n\n<h2 uk-scrollspy-class=\\\"\\\" class=\\\"uk-scrollspy-inview \\\">Electricity from renewable sources<\\\/h2>\",\"title_element\":\"h1\"}},{\"type\":\"image\",\"props\":{\"image\":\"wp-content\\\/uploads\\\/2024\\\/11\\\/energi-bd340e13.jpeg\",\"image_svg_color\":\"emphasis\",\"margin\":\"default\"}},{\"type\":\"headline\",\"props\":{\"content\":\"\n\n<h2 uk-scrollspy-class=\\\"\\\" class=\\\"uk-scrollspy-inview \\\">Snusdosor i milj\\u00f6certifierat material<\\\/h2>\",\"content_en_us\":\"\n\n<h2 uk-scrollspy-class=\\\"\\\" class=\\\"uk-scrollspy-inview \\\">Snus cans made from environmentally certified material<\\\/h2>\",\"title_element\":\"h1\"}},{\"type\":\"image\",\"props\":{\"image\":\"wp-content\\\/uploads\\\/2024\\\/11\\\/pine-tree-2ed8ebb3.jpeg\",\"image_svg_color\":\"emphasis\",\"margin\":\"default\"}},{\"type\":\"quotation\",\"props\":{\"content\":\"\n\n<p><span>Talloljebaserat material minskar koldioxidutsl\\u00e4ppen med ca 8 kg koldioxid per kg producerad vara i j\\u00e4mf\\u00f6relse med vanlig PP-plast.<\\\/span><\\\/p>\",\"content_en_us\":\"\n\n<p><span>The use of tall oil-based material cuts carbon emissions by roughly 8 kg of CO2 per kg of goods produced, compared with normal PP plastic.<\\\/span><\\\/p>\"}}]}]},{\"type\":\"row\",\"children\":[{\"type\":\"column\",\"props\":{\"image_position\":\"center-center\",\"position_sticky_breakpoint\":\"m\"}}]}],\"name\":\"Dishes\"}],\"version\":\"4.5.24\"} --><\/p>\n","protected":false},"excerpt":{"rendered":"<p>S\u00e4vjo Plastic\u00a0tar ansvar f\u00f6r milj\u00f6n S\u00e4vjo Plastic arbetar kontinuerligt f\u00f6r att minska f\u00f6retagets milj\u00f6p\u00e5verkan. \u2013 Vi har med en m\u00e5lmedveten satsning valt att l\u00e4gga fokus p\u00e5 h\u00e5llbarhet och milj\u00f6 d\u00e4r vi ska ligga i framkant. Arbetet handlar om att minska CO\u00b2-p\u00e5verkan s\u00e5 mycket det \u00e4r m\u00f6jligt, f\u00f6rklarar Joakim Bjerhag, VD p\u00e5 S\u00e4vjo Plastic AB.\u00a0 Senaste [&hellip;]<\/p>\n","protected":false},"author":1,"featured_media":0,"parent":0,"menu_order":0,"comment_status":"closed","ping_status":"closed","template":"","meta":{"_acf_changed":false,"footnotes":""},"class_list":["post-194","page","type-page","status-publish","hentry"],"acf":[],"_links":{"self":[{"href":"https:\/\/www.savjoplastic.se\/en\/wp-json\/wp\/v2\/pages\/194","targetHints":{"allow":["GET"]}}],"collection":[{"href":"https:\/\/www.savjoplastic.se\/en\/wp-json\/wp\/v2\/pages"}],"about":[{"href":"https:\/\/www.savjoplastic.se\/en\/wp-json\/wp\/v2\/types\/page"}],"author":[{"embeddable":true,"href":"https:\/\/www.savjoplastic.se\/en\/wp-json\/wp\/v2\/users\/1"}],"replies":[{"embeddable":true,"href":"https:\/\/www.savjoplastic.se\/en\/wp-json\/wp\/v2\/comments?post=194"}],"version-history":[{"count":36,"href":"https:\/\/www.savjoplastic.se\/en\/wp-json\/wp\/v2\/pages\/194\/revisions"}],"predecessor-version":[{"id":693,"href":"https:\/\/www.savjoplastic.se\/en\/wp-json\/wp\/v2\/pages\/194\/revisions\/693"}],"wp:attachment":[{"href":"https:\/\/www.savjoplastic.se\/en\/wp-json\/wp\/v2\/media?parent=194"}],"curies":[{"name":"wp","href":"https:\/\/api.w.org\/{rel}","templated":true}]}}