{"id":179,"date":"2024-11-03T18:06:11","date_gmt":"2024-11-03T18:06:11","guid":{"rendered":"http:\/\/savjoplastic.se.loopiadns.com\/?page_id=179"},"modified":"2025-09-12T09:15:50","modified_gmt":"2025-09-12T09:15:50","slug":"maskinfoerteckning","status":"publish","type":"page","link":"https:\/\/www.savjoplastic.se\/en\/machines\/","title":{"rendered":"Machines"},"content":{"rendered":"<h1>\n<h1 style=\"text-align: center;\">Maskinpark<\/h1>\n<\/h1>\n<h1>Maskinf\u00f6rteckning<\/h1>\n<p><img decoding=\"async\" src=\"\/wp-content\/uploads\/2024\/03\/savsjo-plastic.jpg\" alt=\"\"><br \/>\n<img decoding=\"async\" src=\"\/wp-content\/uploads\/2024\/11\/savsjo-plastic-maskinpark-scaled.jpg\" alt=\"\"><\/p>\n<h2>\n<h1>S\u00e4vjo plastic maskinpark<\/h1>\n<\/h2>\n<div>\n<h3>P\u00e5 S\u00e4vjo Plastics har vi en modern och flexibel maskinpark som g\u00f6r oss till en sj\u00e4lvklar partner. V\u00e5r investering i avancerad teknologi och h\u00e5llbara l\u00f6sningar g\u00f6r oss inte bara effektiva, utan ocks\u00e5 framst\u00e5ende inom milj\u00f6 och utveckling. Vi \u00e4r alltid i framkant n\u00e4r det g\u00e4ller att optimera produktionen, s\u00e4kerst\u00e4lla kvalitet och minska v\u00e5r milj\u00f6p\u00e5verkan.<\/h3>\n<h4>V\u00e5r maskinpark, som str\u00e4cker sig fr\u00e5n sm\u00e5 formsprutningsmaskiner p\u00e5 40 ton till st\u00f6rre maskiner p\u00e5 350 ton, g\u00f6r det m\u00f6jligt f\u00f6r oss att skr\u00e4ddarsy produktionen efter dina specifika behov. Genom att v\u00e4lja r\u00e4tt maskin f\u00f6r varje produkt och situation s\u00e4kerst\u00e4ller vi att du f\u00e5r b\u00e4sta m\u00f6jliga resultat b\u00e5de n\u00e4r det g\u00e4ller kostnadseffektivitet och kvalitet. V\u00e5ra maskiner \u00e4r utrustade med avancerade vision-system f\u00f6r att noggrant kontrollera och kvalitetss\u00e4kra varje enskild produkt, fr\u00e5n formsprutning till packning i kartong.<\/h4>\n<\/p>\n<div class=\"uk-panel uk-margin\">\n<h4>Idag \u00e4r v\u00e5r produktion fullautomatiserad. H\u00e4r g\u00e5r produktionen 24h \/ 365\u00a0 i v\u00e5ra produktionsenheter i Bodafors, S\u00e4vsj\u00f6 och Markaryd. Numera g\u00f6rs alla maskininvesteringar i helelektriska formsprutor<\/h4>\n<\/div>\n<h4>Vi \u00e4r stolta \u00f6ver att ligga i framkant n\u00e4r det g\u00e4ller h\u00e5llbarhet och milj\u00f6medvetenhet. Vi arbetar kontinuerligt med att minska v\u00e5rt ekologiska fotavtryck genom energieffektiva processer, \u00e5tervinning och anv\u00e4ndning av milj\u00f6v\u00e4nliga material. Genom att kombinera innovativa l\u00f6sningar med en stark milj\u00f6profil kan vi erbjuda v\u00e5ra kunder b\u00e5de h\u00f6gkvalitativa och h\u00e5llbara produkter.<\/h4>\n<h4><strong>Oavsett om det g\u00e4ller stora eller sm\u00e5 serier, komplexa eller enkla produkter, kan vi p\u00e5 S\u00e4vjo Plastics alltid hitta den b\u00e4sta l\u00f6sningen f\u00f6r att g\u00f6ra ditt jobb i hamn. Vi ser till att leverera b\u00e5de snabbhet och precision \u2013 varje g\u00e5ng.<\/strong><\/h4>\n<\/div>\n<p><!--more--><br \/>\n<!-- {\"type\":\"layout\",\"children\":[{\"type\":\"section\",\"props\":{\"header_transparent\":true,\"header_transparent_noplaceholder\":true,\"header_transparent_text_color\":\"light\",\"image_loading\":true,\"image_position\":\"center-center\",\"padding\":\"xlarge\",\"style\":\"default\",\"text_color\":\"light\",\"title_breakpoint\":\"xl\",\"title_position\":\"top-left\",\"title_rotation\":\"left\",\"vertical_align\":\"\",\"video\":\"wp-content\\\/uploads\\\/2024\\\/11\\\/savjopl-film-maskinpark.mp4\",\"video_width\":\"2560\",\"width\":\"large\"},\"children\":[{\"type\":\"row\",\"children\":[{\"type\":\"column\",\"props\":{\"image_position\":\"center-center\",\"position_sticky_breakpoint\":\"m\"},\"children\":[{\"type\":\"headline\",\"props\":{\"animation\":\"parallax\",\"content\":\"\n\n<h1 style=\\\"text-align: center;\\\">Maskinpark<\\\/h1>\",\"content_en_us\":\"Machinery park\",\"parallax_blur\":\"50\",\"parallax_opacity\":\"1,0\",\"parallax_scale\":\"0.5\",\"text_align\":\"center\",\"title_element\":\"h1\",\"title_style\":\"heading-large\",\"visibility\":\"s\"}},{\"type\":\"headline\",\"props\":{\"animation\":\"parallax\",\"content\":\"Maskinf\\u00f6rteckning\",\"content_en_us\":\"Machinery park\",\"parallax_blur\":\"50\",\"parallax_opacity\":\"1,0\",\"parallax_scale\":\"0.5\",\"text_align\":\"center\",\"title_element\":\"h1\",\"title_style\":\"h1\",\"visibility\":\"hidden-s\"}}]}]}],\"name\":\"Hero\"},{\"type\":\"section\",\"props\":{\"image_position\":\"center-center\",\"padding\":\"large\",\"padding_remove_bottom\":true,\"style\":\"default\",\"title_breakpoint\":\"xl\",\"title_position\":\"top-left\",\"title_rotation\":\"left\",\"vertical_align\":\"\",\"width\":\"xlarge\"},\"children\":[{\"type\":\"row\",\"props\":{\"layout\":\"1-3,2-3\",\"width\":\"expand\"},\"children\":[{\"type\":\"column\",\"props\":{\"image_position\":\"center-center\",\"position_sticky\":\"column\",\"position_sticky_breakpoint\":\"m\",\"position_sticky_offset\":\"50vh - 50%\",\"width_medium\":\"1-3\"},\"children\":[{\"type\":\"image\",\"props\":{\"image\":\"wp-content\\\/uploads\\\/2024\\\/03\\\/savsjo-plastic.jpg\",\"image_svg_color\":\"emphasis\",\"margin\":\"default\"}},{\"type\":\"image\",\"props\":{\"image\":\"wp-content\\\/uploads\\\/2024\\\/11\\\/savsjo-plastic-maskinpark-scaled.jpg\",\"image_svg_color\":\"emphasis\",\"margin\":\"default\"}}]},{\"type\":\"column\",\"props\":{\"image_position\":\"center-center\",\"position_sticky_breakpoint\":\"m\",\"width_medium\":\"2-3\"},\"children\":[{\"type\":\"fragment\",\"props\":{\"margin\":\"default\"},\"children\":[{\"type\":\"row\",\"children\":[{\"type\":\"column\",\"props\":{\"image_position\":\"center-center\",\"position_sticky_breakpoint\":\"m\"},\"children\":[{\"type\":\"headline\",\"props\":{\"content\":\"\n\n<h1>S\\u00e4vjo plastic maskinpark<\\\/h1>\",\"content_en_us\":\"S\\u00e4vjo plastic machinery park\",\"id\":\"starters\",\"margin\":\"medium\",\"title_element\":\"h2\",\"title_style\":\"heading-small\"}},{\"type\":\"text\",\"props\":{\"column_breakpoint\":\"m\",\"content\":\"\n\n<h3>P\\u00e5 S\\u00e4vjo Plastics har vi en modern och flexibel maskinpark som g\\u00f6r oss till en sj\\u00e4lvklar partner. V\\u00e5r investering i avancerad teknologi och h\\u00e5llbara l\\u00f6sningar g\\u00f6r oss inte bara effektiva, utan ocks\\u00e5 framst\\u00e5ende inom milj\\u00f6 och utveckling. Vi \\u00e4r alltid i framkant n\\u00e4r det g\\u00e4ller att optimera produktionen, s\\u00e4kerst\\u00e4lla kvalitet och minska v\\u00e5r milj\\u00f6p\\u00e5verkan.<\\\/h3>\\n\n\n<h4>V\\u00e5r maskinpark, som str\\u00e4cker sig fr\\u00e5n sm\\u00e5 formsprutningsmaskiner p\\u00e5 40 ton till st\\u00f6rre maskiner p\\u00e5 350 ton, g\\u00f6r det m\\u00f6jligt f\\u00f6r oss att skr\\u00e4ddarsy produktionen efter dina specifika behov. Genom att v\\u00e4lja r\\u00e4tt maskin f\\u00f6r varje produkt och situation s\\u00e4kerst\\u00e4ller vi att du f\\u00e5r b\\u00e4sta m\\u00f6jliga resultat b\\u00e5de n\\u00e4r det g\\u00e4ller kostnadseffektivitet och kvalitet. V\\u00e5ra maskiner \\u00e4r utrustade med avancerade vision-system f\\u00f6r att noggrant kontrollera och kvalitetss\\u00e4kra varje enskild produkt, fr\\u00e5n formsprutning till packning i kartong.<\\\/h4>\\n\n\n<p><\\\/p>\\n\n\n<div class=\\\"uk-panel uk-margin\\\">\\n\n\n<h4>Idag \\u00e4r v\\u00e5r produktion fullautomatiserad. H\\u00e4r g\\u00e5r produktionen 24h \\\/ 365\\u00a0 i v\\u00e5ra produktionsenheter i Bodafors, S\\u00e4vsj\\u00f6 och Markaryd. Numera g\\u00f6rs alla maskininvesteringar i helelektriska formsprutor<\\\/h4>\\n<\\\/div>\\n\n\n<h4>Vi \\u00e4r stolta \\u00f6ver att ligga i framkant n\\u00e4r det g\\u00e4ller h\\u00e5llbarhet och milj\\u00f6medvetenhet. Vi arbetar kontinuerligt med att minska v\\u00e5rt ekologiska fotavtryck genom energieffektiva processer, \\u00e5tervinning och anv\\u00e4ndning av milj\\u00f6v\\u00e4nliga material. Genom att kombinera innovativa l\\u00f6sningar med en stark milj\\u00f6profil kan vi erbjuda v\\u00e5ra kunder b\\u00e5de h\\u00f6gkvalitativa och h\\u00e5llbara produkter.<\\\/h4>\\n\n\n<h4><strong>Oavsett om det g\\u00e4ller stora eller sm\\u00e5 serier, komplexa eller enkla produkter, kan vi p\\u00e5 S\\u00e4vjo Plastics alltid hitta den b\\u00e4sta l\\u00f6sningen f\\u00f6r att g\\u00f6ra ditt jobb i hamn. Vi ser till att leverera b\\u00e5de snabbhet och precision \\u2013 varje g\\u00e5ng.<\\\/strong><\\\/h4>\",\"content_en_us\":\"\n\n<h3>At S\\u00e4vjo Plastics, we have a modern and flexible machinery fleet that makes us a natural partner of choice. Our investment in advanced technology and sustainable solutions makes us not only efficient, but also a leader in environmental responsibility and innovation. We are always at the forefront when it comes to optimizing production, ensuring quality, and reducing our environmental impact<\\\/h3>\\n\n\n<p>Our machinery, ranging from small 40-ton injection molding machines to larger 350-ton units, enables us to tailor production to your specific needs. By selecting the right machine for each product and situation, we ensure that you receive the best possible results in terms of both cost efficiency and quality. Our machines are equipped with advanced vision systems to meticulously monitor and assure the quality of every single product\\u2014from injection molding to final packaging.<\\\/p>\\n\n\n<p>Today, our production is fully automated. Operations run 24\\\/7, 365 days a year at our facilities in Bodafors, S\\u00e4vsj\\u00f6, and Markaryd. All new machinery investments are now made exclusively in fully electric injection molding machines.<\\\/p>\\n\n\n<p>We take pride in being at the cutting edge of sustainability and environmental awareness. We continuously work to reduce our ecological footprint through energy-efficient processes, recycling, and the use of eco-friendly materials. By combining innovative solutions with a strong environmental profile, we can offer our customers products that are both high-quality and sustainable.<\\\/p>\\n\n\n<p>Whether it\\u2019s large or small series, complex or simple products, at S\\u00e4vjo Plastics we always find the best solution to get the job done. We ensure speed and precision\\u2014every single time.<\\\/p>\",\"margin\":\"default\"}},{\"type\":\"text\",\"props\":{\"column_breakpoint\":\"m\",\"content\":\"\n\n<h3><strong>27\\u00a0 formsprutningsmaskiner enligt f\\u00f6ljande:<\\\/strong><\\\/h3>\\n\n\n<ul class=\\\"uk-list uk-list-striped\\\">\\n\n\n<li>1 st\\u00a0 Krauss Maffei 40 ton Robot Pick and Place\\u00a0<\\\/li>\\n\n\n<li>1 st Krauss Maffei 65 ton 5 axlig WEMO Robot\\u00a0<\\\/li>\\n\n\n<li>1 st Krauss Maffei 80 ton Robot Pick and Place\\u00a0<\\\/li>\\n\n\n<li>1 st Krauss Maffei 160 ton CX med 1 styck 6-axliga ABB-robotar och 1 st styck 5-axlig Star-robot med pallv\\u00e4xling\\u00a0<\\\/li>\\n\n\n<li>1 st Krauss Maffei 250 ton CX med 1 st ABB 6 axlig robot med pallv\\u00e4xling<\\\/li>\\n\n\n<li>1 st Krauss Maffei 350 ton. Dubbelgjutning, 6-axlig ABB-robot samt \\u00a0visionsystem\\u00a0med pallv\\u00e4xling<\\\/li>\\n\n\n<li>1 st Engel 100 ton med Engel-robot\\u00a0<span><strong>HELELEKTRISK<\\\/strong><\\\/span><\\\/li>\\n\n\n<li>1 st JSW 110 ton med ABB-robot<span>\\u00a0<\\\/span><span><strong>HELELEKTRISK<\\\/strong><\\\/span><\\\/li>\\n\n\n<li>2 st JSW 130 ton med ABB-robotar och pallv\\u00e4xling\\u00a0\\u00a0<span><strong>HELELEKTRISK<\\\/strong><\\\/span><\\\/li>\\n\n\n<li>6 st\\u00a0JSW 220 ton med 2 st 6-axliga Wemo och ABB-robotar med pallv\\u00e4xling\\u00a0<span><strong>HELELEKTRISK<\\\/strong><\\\/span><\\\/li>\\n\n\n<li>1 st\\u00a0JSW 220\\u00a0ton. 2 st 6-axlig Fanuc-robot med pallv\\u00e4xling\\u00a0<span><strong>HELELEKTRISK<\\\/strong><\\\/span><\\\/li>\\n\n\n<li>1 st\\u00a0JSW 180 ton. 1 st 5-axlig Star-robot och 1 st 6-axlig ABB-robot med pallv\\u00e4xling\\u00a0<span><strong>HELELEKTRISK<\\\/strong><\\\/span><span><strong><\\\/strong><\\\/span><\\\/li>\\n\n\n<li>1 st Demag 210 ton med Wemo-robot<\\\/li>\\n\n\n<li>4 st Negri Bossi\\u00a0220 ton med 5 st 6-axliga ABB-robotar + 1 Wemo-robot med pallv\\u00e4xling\\u00a0<span><strong>HELELEKTRISK<\\\/strong><\\\/span><\\\/li>\\n\n\n<li>2\\u00a0st Fanuc 150 ton med 2 st Fanuc och ABB-robotar med pallv\\u00e4xling (kund\\u00e4gd)\\u00a0\\u00a0<span><strong>HELELEKTRISK<\\\/strong><\\\/span><\\\/li>\\n\n\n<li><span lang=\\\"EN-US\\\">1 st Fanuc 65 ton<span>\\u00a0<\\\/span><span><strong>HELELEKTRISK<\\\/strong><\\\/span><\\\/span><span><strong><\\\/strong><\\\/span><\\\/li>\\n\n\n<li>1 st Battenfeld 20 ton vertikalmaskin. Moderform till provverktyg.\\u00a0<\\\/li>\\n<\\\/ul>\\n\n\n<p>Under v\\u00e5ren 2023 ut\\u00f6kar vi med ytterligare en JSW 220 ton och en JSW 280 ton.\\u00a0<\\\/p>\",\"margin\":\"default\",\"status\":\"disabled\"}}]}],\"props\":{\"margin\":\"xlarge\"}}]}]}]}],\"name\":\"Dishes\"},{\"type\":\"section\",\"props\":{\"image_position\":\"center-center\",\"style\":\"default\",\"title_breakpoint\":\"xl\",\"title_position\":\"top-left\",\"title_rotation\":\"left\",\"vertical_align\":\"middle\",\"width\":\"default\"},\"children\":[{\"type\":\"row\",\"children\":[{\"type\":\"column\",\"props\":{\"image_position\":\"center-center\",\"position_sticky_breakpoint\":\"m\"}}]}]}],\"version\":\"4.5.27\"} --><\/p>\n","protected":false},"excerpt":{"rendered":"<p>Maskinpark Maskinf\u00f6rteckning S\u00e4vjo plastic maskinpark P\u00e5 S\u00e4vjo Plastics har vi en modern och flexibel maskinpark som g\u00f6r oss till en sj\u00e4lvklar partner. V\u00e5r investering i avancerad teknologi och h\u00e5llbara l\u00f6sningar g\u00f6r oss inte bara effektiva, utan ocks\u00e5 framst\u00e5ende inom milj\u00f6 och utveckling. Vi \u00e4r alltid i framkant n\u00e4r det g\u00e4ller att optimera produktionen, s\u00e4kerst\u00e4lla kvalitet [&hellip;]<\/p>\n","protected":false},"author":1,"featured_media":0,"parent":0,"menu_order":0,"comment_status":"closed","ping_status":"closed","template":"","meta":{"_acf_changed":false,"footnotes":""},"class_list":["post-179","page","type-page","status-publish","hentry"],"acf":[],"_links":{"self":[{"href":"https:\/\/www.savjoplastic.se\/en\/wp-json\/wp\/v2\/pages\/179","targetHints":{"allow":["GET"]}}],"collection":[{"href":"https:\/\/www.savjoplastic.se\/en\/wp-json\/wp\/v2\/pages"}],"about":[{"href":"https:\/\/www.savjoplastic.se\/en\/wp-json\/wp\/v2\/types\/page"}],"author":[{"embeddable":true,"href":"https:\/\/www.savjoplastic.se\/en\/wp-json\/wp\/v2\/users\/1"}],"replies":[{"embeddable":true,"href":"https:\/\/www.savjoplastic.se\/en\/wp-json\/wp\/v2\/comments?post=179"}],"version-history":[{"count":30,"href":"https:\/\/www.savjoplastic.se\/en\/wp-json\/wp\/v2\/pages\/179\/revisions"}],"predecessor-version":[{"id":994,"href":"https:\/\/www.savjoplastic.se\/en\/wp-json\/wp\/v2\/pages\/179\/revisions\/994"}],"wp:attachment":[{"href":"https:\/\/www.savjoplastic.se\/en\/wp-json\/wp\/v2\/media?parent=179"}],"curies":[{"name":"wp","href":"https:\/\/api.w.org\/{rel}","templated":true}]}}